{"id":543,"date":"2018-11-27T09:17:42","date_gmt":"2018-11-27T09:17:42","guid":{"rendered":"https:\/\/lesamisreunis.fr\/?page_id=543"},"modified":"2023-06-09T09:15:11","modified_gmt":"2023-06-09T09:15:11","slug":"reglementation","status":"publish","type":"page","link":"https:\/\/lesamisreunis.fr\/?page_id=543","title":{"rendered":"Reglementation"},"content":{"rendered":"\t\t<div data-elementor-type=\"wp-post\" data-elementor-id=\"543\" class=\"elementor elementor-543\">\n\t\t\t\t\t\t<section class=\"elementor-section elementor-top-section elementor-element elementor-element-7ac9ca5 elementor-section-boxed elementor-section-height-default elementor-section-height-default\" data-id=\"7ac9ca5\" data-element_type=\"section\" data-e-type=\"section\" data-settings=\"{&quot;background_background&quot;:&quot;classic&quot;}\">\n\t\t\t\t\t\t\t<div class=\"elementor-background-overlay\"><\/div>\n\t\t\t\t\t\t\t<div class=\"elementor-container elementor-column-gap-default\">\n\t\t\t\t\t<div class=\"elementor-column elementor-col-100 elementor-top-column elementor-element elementor-element-90988fe\" data-id=\"90988fe\" data-element_type=\"column\" data-e-type=\"column\">\n\t\t\t<div class=\"elementor-widget-wrap elementor-element-populated\">\n\t\t\t\t\t\t<div class=\"elementor-element elementor-element-4a1c612 elementor-widget elementor-widget-heading\" data-id=\"4a1c612\" data-element_type=\"widget\" data-e-type=\"widget\" data-widget_type=\"heading.default\">\n\t\t\t\t<div class=\"elementor-widget-container\">\n\t\t\t\t\t<h1 class=\"elementor-heading-title elementor-size-default\">R\u00e9glementation<\/h1>\t\t\t\t<\/div>\n\t\t\t\t<\/div>\n\t\t\t\t\t<\/div>\n\t\t<\/div>\n\t\t\t\t\t<\/div>\n\t\t<\/section>\n\t\t\t\t<section class=\"elementor-section elementor-top-section elementor-element elementor-element-8262e30 elementor-section-content-middle elementor-section-boxed elementor-section-height-default elementor-section-height-default\" data-id=\"8262e30\" data-element_type=\"section\" data-e-type=\"section\">\n\t\t\t\t\t\t\t<div class=\"elementor-background-overlay\"><\/div>\n\t\t\t\t\t\t\t<div class=\"elementor-container elementor-column-gap-no\">\n\t\t\t\t\t<div class=\"elementor-column elementor-col-50 elementor-top-column elementor-element elementor-element-da6ae65\" data-id=\"da6ae65\" data-element_type=\"column\" data-e-type=\"column\">\n\t\t\t<div class=\"elementor-widget-wrap elementor-element-populated\">\n\t\t\t\t\t\t<div class=\"elementor-element elementor-element-b0fabca elementor-widget elementor-widget-image-box\" data-id=\"b0fabca\" data-element_type=\"widget\" data-e-type=\"widget\" data-widget_type=\"image-box.default\">\n\t\t\t\t<div class=\"elementor-widget-container\">\n\t\t\t\t\t<div class=\"elementor-image-box-wrapper\"><div class=\"elementor-image-box-content\"><h2 class=\"elementor-image-box-title\">Campagne de chasse<\/h2><p class=\"elementor-image-box-description\">Arr\u00eat\u00e9 pr\u00e9fectoral portant sur l'ouverture et la fermeture de la chasse dans le d\u00e9partement des Bouches-du-Rh\u00f4ne.<\/p><\/div><\/div>\t\t\t\t<\/div>\n\t\t\t\t<\/div>\n\t\t\t\t<div class=\"elementor-element elementor-element-23a771f elementor-align-left elementor-widget elementor-widget-button\" data-id=\"23a771f\" data-element_type=\"widget\" data-e-type=\"widget\" data-widget_type=\"button.default\">\n\t\t\t\t<div class=\"elementor-widget-container\">\n\t\t\t\t\t\t\t\t\t<div class=\"elementor-button-wrapper\">\n\t\t\t\t\t<a class=\"elementor-button elementor-button-link elementor-size-sm\" href=\"https:\/\/lesamisreunis.fr\/wp-content\/uploads\/2023\/06\/Arrete-prefectoral-ouverture-fermeture-chasse-2023-2024-1.pdf\">\n\t\t\t\t\t\t<span class=\"elementor-button-content-wrapper\">\n\t\t\t\t\t\t\t\t\t<span class=\"elementor-button-text\">Visionner l'arr\u00eat\u00e9<\/span>\n\t\t\t\t\t<\/span>\n\t\t\t\t\t<\/a>\n\t\t\t\t<\/div>\n\t\t\t\t\t\t\t\t<\/div>\n\t\t\t\t<\/div>\n\t\t\t\t\t<\/div>\n\t\t<\/div>\n\t\t\t\t<div class=\"elementor-column elementor-col-50 elementor-top-column elementor-element elementor-element-58c8e69\" data-id=\"58c8e69\" data-element_type=\"column\" data-e-type=\"column\">\n\t\t\t<div class=\"elementor-widget-wrap elementor-element-populated\">\n\t\t\t\t\t\t<div class=\"elementor-element elementor-element-5608e1e elementor-widget elementor-widget-image-box\" data-id=\"5608e1e\" data-element_type=\"widget\" data-e-type=\"widget\" data-widget_type=\"image-box.default\">\n\t\t\t\t<div class=\"elementor-widget-container\">\n\t\t\t\t\t<div class=\"elementor-image-box-wrapper\"><div class=\"elementor-image-box-content\"><h2 class=\"elementor-image-box-title\">Feux de for\u00eat<\/h2><p class=\"elementor-image-box-description\">Carte d'acc\u00e9s aux massifs forestiers et espaces expos\u00e9s dans les Bouches-du-Rh\u00f4ne vis \u00e0 vis des conditions climatiques.<\/p><\/div><\/div>\t\t\t\t<\/div>\n\t\t\t\t<\/div>\n\t\t\t\t<div class=\"elementor-element elementor-element-8de145e elementor-align-left elementor-widget elementor-widget-button\" data-id=\"8de145e\" data-element_type=\"widget\" data-e-type=\"widget\" data-widget_type=\"button.default\">\n\t\t\t\t<div class=\"elementor-widget-container\">\n\t\t\t\t\t\t\t\t\t<div class=\"elementor-button-wrapper\">\n\t\t\t\t\t<a class=\"elementor-button elementor-button-link elementor-size-sm\" href=\"http:\/\/bpatp.paca-ate.fr\/\">\n\t\t\t\t\t\t<span class=\"elementor-button-content-wrapper\">\n\t\t\t\t\t\t\t\t\t<span class=\"elementor-button-text\">Ouvrir la carte<\/span>\n\t\t\t\t\t<\/span>\n\t\t\t\t\t<\/a>\n\t\t\t\t<\/div>\n\t\t\t\t\t\t\t\t<\/div>\n\t\t\t\t<\/div>\n\t\t\t\t\t<\/div>\n\t\t<\/div>\n\t\t\t\t\t<\/div>\n\t\t<\/section>\n\t\t\t\t<section class=\"elementor-section elementor-top-section elementor-element elementor-element-981c27d elementor-section-content-middle elementor-section-boxed elementor-section-height-default elementor-section-height-default\" data-id=\"981c27d\" data-element_type=\"section\" data-e-type=\"section\" data-settings=\"{&quot;background_background&quot;:&quot;classic&quot;}\">\n\t\t\t\t\t\t\t<div class=\"elementor-background-overlay\"><\/div>\n\t\t\t\t\t\t\t<div class=\"elementor-container elementor-column-gap-no\">\n\t\t\t\t\t<div class=\"elementor-column elementor-col-100 elementor-top-column elementor-element elementor-element-1831b66\" data-id=\"1831b66\" data-element_type=\"column\" data-e-type=\"column\">\n\t\t\t<div class=\"elementor-widget-wrap elementor-element-populated\">\n\t\t\t\t\t\t<div class=\"elementor-element elementor-element-3f64cda elementor-widget-divider--view-line_text elementor-widget-divider--element-align-left elementor-widget elementor-widget-divider\" data-id=\"3f64cda\" data-element_type=\"widget\" data-e-type=\"widget\" data-widget_type=\"divider.default\">\n\t\t\t\t<div class=\"elementor-widget-container\">\n\t\t\t\t\t\t\t<div class=\"elementor-divider\">\n\t\t\t<span class=\"elementor-divider-separator\">\n\t\t\t\t\t\t\t<h6 class=\"elementor-divider__text elementor-divider__element\">\n\t\t\t\tF\u00c9D\u00c9RATION\t\t\t\t<\/h6>\n\t\t\t\t\t\t<\/span>\n\t\t<\/div>\n\t\t\t\t\t\t<\/div>\n\t\t\t\t<\/div>\n\t\t\t\t<div class=\"elementor-element elementor-element-e50b5bd elementor-widget elementor-widget-image-box\" data-id=\"e50b5bd\" data-element_type=\"widget\" data-e-type=\"widget\" data-widget_type=\"image-box.default\">\n\t\t\t\t<div class=\"elementor-widget-container\">\n\t\t\t\t\t<div class=\"elementor-image-box-wrapper\"><div class=\"elementor-image-box-content\"><h2 class=\"elementor-image-box-title\">F\u00e9d\u00e9ration d\u00e9partementale des Bouches du Rh\u00f4ne<\/h2><p class=\"elementor-image-box-description\">Adresse :\t950 Chemin de Maliverny\n13540 PUYRICARD <br><br>\nT\u00e9l\u00e9phone :\t04 42 92 16 75<br>\nFax :\t04 42 92 26 48<br><br>\nEmail :\tcontact@fdc-13.com<br>\nSite Internet :\twww.fdc-13.com<br><br>\n<\/p><\/div><\/div>\t\t\t\t<\/div>\n\t\t\t\t<\/div>\n\t\t\t\t\t<\/div>\n\t\t<\/div>\n\t\t\t\t\t<\/div>\n\t\t<\/section>\n\t\t\t\t<\/div>\n\t\t","protected":false},"excerpt":{"rendered":"<p>R\u00e9glementation Campagne de chasse Arr\u00eat\u00e9 pr\u00e9fectoral portant sur l&rsquo;ouverture et la fermeture de la chasse dans le d\u00e9partement des Bouches-du-Rh\u00f4ne. Visionner l&rsquo;arr\u00eat\u00e9 Feux de for\u00eat Carte d&rsquo;acc\u00e9s aux massifs forestiers et espaces expos\u00e9s dans les Bouches-du-Rh\u00f4ne vis \u00e0 vis des conditions climatiques. Ouvrir la carte F\u00c9D\u00c9RATION F\u00e9d\u00e9ration d\u00e9partementale des Bouches du Rh\u00f4ne Adresse : 950 &hellip;<\/p>\n<p class=\"read-more\"> <a class=\"\" href=\"https:\/\/lesamisreunis.fr\/?page_id=543\"> <span class=\"screen-reader-text\">Reglementation<\/span> Lire la suite\u00a0\u00bb<\/a><\/p>\n","protected":false},"author":1,"featured_media":0,"parent":0,"menu_order":0,"comment_status":"closed","ping_status":"closed","template":"","meta":{"site-sidebar-layout":"no-sidebar","site-content-layout":"page-builder","ast-global-header-display":"","ast-banner-title-visibility":"","ast-main-header-display":"","ast-hfb-above-header-display":"","ast-hfb-below-header-display":"","ast-hfb-mobile-header-display":"","site-post-title":"disabled","ast-breadcrumbs-content":"","ast-featured-img":"disabled","footer-sml-layout":"","theme-transparent-header-meta":"enabled","adv-header-id-meta":"","stick-header-meta":"","header-above-stick-meta":"","header-main-stick-meta":"","header-below-stick-meta":"","footnotes":""},"class_list":["post-543","page","type-page","status-publish","hentry"],"yoast_head":"<!-- This site is optimized with the Yoast SEO plugin v27.3 - https:\/\/yoast.com\/product\/yoast-seo-wordpress\/ -->\n<title>Reglementation - Les amis r\u00e9unis<\/title>\n<meta name=\"robots\" content=\"index, follow, max-snippet:-1, max-image-preview:large, max-video-preview:-1\" \/>\n<link rel=\"canonical\" href=\"https:\/\/lesamisreunis.fr\/?page_id=543\" \/>\n<meta property=\"og:locale\" content=\"fr_FR\" \/>\n<meta property=\"og:type\" content=\"article\" \/>\n<meta property=\"og:title\" content=\"Reglementation - Les amis r\u00e9unis\" \/>\n<meta property=\"og:description\" content=\"R\u00e9glementation Campagne de chasse Arr\u00eat\u00e9 pr\u00e9fectoral portant sur l&rsquo;ouverture et la fermeture de la chasse dans le d\u00e9partement des Bouches-du-Rh\u00f4ne. Visionner l&rsquo;arr\u00eat\u00e9 Feux de for\u00eat Carte d&rsquo;acc\u00e9s aux massifs forestiers et espaces expos\u00e9s dans les Bouches-du-Rh\u00f4ne vis \u00e0 vis des conditions climatiques. Ouvrir la carte F\u00c9D\u00c9RATION F\u00e9d\u00e9ration d\u00e9partementale des Bouches du Rh\u00f4ne Adresse : 950 &hellip; Reglementation Lire la suite\u00a0\u00bb\" \/>\n<meta property=\"og:url\" content=\"https:\/\/lesamisreunis.fr\/?page_id=543\" \/>\n<meta property=\"og:site_name\" content=\"Les amis r\u00e9unis\" \/>\n<meta property=\"article:modified_time\" content=\"2023-06-09T09:15:11+00:00\" \/>\n<meta name=\"twitter:card\" content=\"summary_large_image\" \/>\n<meta name=\"twitter:label1\" content=\"Dur\u00e9e de lecture estim\u00e9e\" \/>\n\t<meta name=\"twitter:data1\" content=\"1 minute\" \/>\n<script type=\"application\/ld+json\" class=\"yoast-schema-graph\">{\"@context\":\"https:\\\/\\\/schema.org\",\"@graph\":[{\"@type\":\"WebPage\",\"@id\":\"https:\\\/\\\/lesamisreunis.fr\\\/?page_id=543\",\"url\":\"https:\\\/\\\/lesamisreunis.fr\\\/?page_id=543\",\"name\":\"Reglementation - Les amis r\u00e9unis\",\"isPartOf\":{\"@id\":\"https:\\\/\\\/lesamisreunis.fr\\\/#website\"},\"datePublished\":\"2018-11-27T09:17:42+00:00\",\"dateModified\":\"2023-06-09T09:15:11+00:00\",\"breadcrumb\":{\"@id\":\"https:\\\/\\\/lesamisreunis.fr\\\/?page_id=543#breadcrumb\"},\"inLanguage\":\"fr-FR\",\"potentialAction\":[{\"@type\":\"ReadAction\",\"target\":[\"https:\\\/\\\/lesamisreunis.fr\\\/?page_id=543\"]}]},{\"@type\":\"BreadcrumbList\",\"@id\":\"https:\\\/\\\/lesamisreunis.fr\\\/?page_id=543#breadcrumb\",\"itemListElement\":[{\"@type\":\"ListItem\",\"position\":1,\"name\":\"Accueil\",\"item\":\"https:\\\/\\\/lesamisreunis.fr\\\/\"},{\"@type\":\"ListItem\",\"position\":2,\"name\":\"Reglementation\"}]},{\"@type\":\"WebSite\",\"@id\":\"https:\\\/\\\/lesamisreunis.fr\\\/#website\",\"url\":\"https:\\\/\\\/lesamisreunis.fr\\\/\",\"name\":\"Les amis r\u00e9unis\",\"description\":\"Soci\u00e9t\u00e9 de chasse de Rousset\",\"publisher\":{\"@id\":\"https:\\\/\\\/lesamisreunis.fr\\\/#organization\"},\"alternateName\":\"Les amis r\u00e9unis\",\"potentialAction\":[{\"@type\":\"SearchAction\",\"target\":{\"@type\":\"EntryPoint\",\"urlTemplate\":\"https:\\\/\\\/lesamisreunis.fr\\\/?s={search_term_string}\"},\"query-input\":{\"@type\":\"PropertyValueSpecification\",\"valueRequired\":true,\"valueName\":\"search_term_string\"}}],\"inLanguage\":\"fr-FR\"},{\"@type\":\"Organization\",\"@id\":\"https:\\\/\\\/lesamisreunis.fr\\\/#organization\",\"name\":\"Les amis r\u00e9unis\",\"url\":\"https:\\\/\\\/lesamisreunis.fr\\\/\",\"logo\":{\"@type\":\"ImageObject\",\"inLanguage\":\"fr-FR\",\"@id\":\"https:\\\/\\\/lesamisreunis.fr\\\/#\\\/schema\\\/logo\\\/image\\\/\",\"url\":\"https:\\\/\\\/lesamisreunis.fr\\\/wp-content\\\/uploads\\\/2023\\\/05\\\/BLASON-ROUSSET-png.png\",\"contentUrl\":\"https:\\\/\\\/lesamisreunis.fr\\\/wp-content\\\/uploads\\\/2023\\\/05\\\/BLASON-ROUSSET-png.png\",\"width\":319,\"height\":417,\"caption\":\"Les amis r\u00e9unis\"},\"image\":{\"@id\":\"https:\\\/\\\/lesamisreunis.fr\\\/#\\\/schema\\\/logo\\\/image\\\/\"}}]}<\/script>\n<!-- \/ Yoast SEO plugin. -->","yoast_head_json":{"title":"Reglementation - Les amis r\u00e9unis","robots":{"index":"index","follow":"follow","max-snippet":"max-snippet:-1","max-image-preview":"max-image-preview:large","max-video-preview":"max-video-preview:-1"},"canonical":"https:\/\/lesamisreunis.fr\/?page_id=543","og_locale":"fr_FR","og_type":"article","og_title":"Reglementation - Les amis r\u00e9unis","og_description":"R\u00e9glementation Campagne de chasse Arr\u00eat\u00e9 pr\u00e9fectoral portant sur l&rsquo;ouverture et la fermeture de la chasse dans le d\u00e9partement des Bouches-du-Rh\u00f4ne. Visionner l&rsquo;arr\u00eat\u00e9 Feux de for\u00eat Carte d&rsquo;acc\u00e9s aux massifs forestiers et espaces expos\u00e9s dans les Bouches-du-Rh\u00f4ne vis \u00e0 vis des conditions climatiques. Ouvrir la carte F\u00c9D\u00c9RATION F\u00e9d\u00e9ration d\u00e9partementale des Bouches du Rh\u00f4ne Adresse : 950 &hellip; Reglementation Lire la suite\u00a0\u00bb","og_url":"https:\/\/lesamisreunis.fr\/?page_id=543","og_site_name":"Les amis r\u00e9unis","article_modified_time":"2023-06-09T09:15:11+00:00","twitter_card":"summary_large_image","twitter_misc":{"Dur\u00e9e de lecture estim\u00e9e":"1 minute"},"schema":{"@context":"https:\/\/schema.org","@graph":[{"@type":"WebPage","@id":"https:\/\/lesamisreunis.fr\/?page_id=543","url":"https:\/\/lesamisreunis.fr\/?page_id=543","name":"Reglementation - Les amis r\u00e9unis","isPartOf":{"@id":"https:\/\/lesamisreunis.fr\/#website"},"datePublished":"2018-11-27T09:17:42+00:00","dateModified":"2023-06-09T09:15:11+00:00","breadcrumb":{"@id":"https:\/\/lesamisreunis.fr\/?page_id=543#breadcrumb"},"inLanguage":"fr-FR","potentialAction":[{"@type":"ReadAction","target":["https:\/\/lesamisreunis.fr\/?page_id=543"]}]},{"@type":"BreadcrumbList","@id":"https:\/\/lesamisreunis.fr\/?page_id=543#breadcrumb","itemListElement":[{"@type":"ListItem","position":1,"name":"Accueil","item":"https:\/\/lesamisreunis.fr\/"},{"@type":"ListItem","position":2,"name":"Reglementation"}]},{"@type":"WebSite","@id":"https:\/\/lesamisreunis.fr\/#website","url":"https:\/\/lesamisreunis.fr\/","name":"Les amis r\u00e9unis","description":"Soci\u00e9t\u00e9 de chasse de Rousset","publisher":{"@id":"https:\/\/lesamisreunis.fr\/#organization"},"alternateName":"Les amis r\u00e9unis","potentialAction":[{"@type":"SearchAction","target":{"@type":"EntryPoint","urlTemplate":"https:\/\/lesamisreunis.fr\/?s={search_term_string}"},"query-input":{"@type":"PropertyValueSpecification","valueRequired":true,"valueName":"search_term_string"}}],"inLanguage":"fr-FR"},{"@type":"Organization","@id":"https:\/\/lesamisreunis.fr\/#organization","name":"Les amis r\u00e9unis","url":"https:\/\/lesamisreunis.fr\/","logo":{"@type":"ImageObject","inLanguage":"fr-FR","@id":"https:\/\/lesamisreunis.fr\/#\/schema\/logo\/image\/","url":"https:\/\/lesamisreunis.fr\/wp-content\/uploads\/2023\/05\/BLASON-ROUSSET-png.png","contentUrl":"https:\/\/lesamisreunis.fr\/wp-content\/uploads\/2023\/05\/BLASON-ROUSSET-png.png","width":319,"height":417,"caption":"Les amis r\u00e9unis"},"image":{"@id":"https:\/\/lesamisreunis.fr\/#\/schema\/logo\/image\/"}}]}},"_links":{"self":[{"href":"https:\/\/lesamisreunis.fr\/index.php?rest_route=\/wp\/v2\/pages\/543","targetHints":{"allow":["GET"]}}],"collection":[{"href":"https:\/\/lesamisreunis.fr\/index.php?rest_route=\/wp\/v2\/pages"}],"about":[{"href":"https:\/\/lesamisreunis.fr\/index.php?rest_route=\/wp\/v2\/types\/page"}],"author":[{"embeddable":true,"href":"https:\/\/lesamisreunis.fr\/index.php?rest_route=\/wp\/v2\/users\/1"}],"replies":[{"embeddable":true,"href":"https:\/\/lesamisreunis.fr\/index.php?rest_route=%2Fwp%2Fv2%2Fcomments&post=543"}],"version-history":[{"count":69,"href":"https:\/\/lesamisreunis.fr\/index.php?rest_route=\/wp\/v2\/pages\/543\/revisions"}],"predecessor-version":[{"id":818,"href":"https:\/\/lesamisreunis.fr\/index.php?rest_route=\/wp\/v2\/pages\/543\/revisions\/818"}],"wp:attachment":[{"href":"https:\/\/lesamisreunis.fr\/index.php?rest_route=%2Fwp%2Fv2%2Fmedia&parent=543"}],"curies":[{"name":"wp","href":"https:\/\/api.w.org\/{rel}","templated":true}]}}